{"id":38,"date":"2026-03-17T12:33:00","date_gmt":"2026-03-17T12:33:00","guid":{"rendered":"https:\/\/bitguruz.org\/se\/?page_id=38"},"modified":"2026-03-18T13:40:50","modified_gmt":"2026-03-18T13:40:50","slug":"app","status":"publish","type":"page","link":"https:\/\/bitguruz.org\/se\/app\/","title":{"rendered":"Bitguruz Casino App"},"content":{"rendered":"\n<p>\u00c4ven om Bitguruz casino inte har n\u00e5gon nedladdningsbar app f\u00f6r iOS eller Android, kan spelare \u00e4nd\u00e5 njuta av en smidig och fullt fungerande spelupplevelse direkt via mobilens webbl\u00e4sare. Sajten \u00e4r optimerad f\u00f6r b\u00e5de smartphones och surfplattor och erbjuder en responsiv, anv\u00e4ndarv\u00e4nlig plattform. Oavsett om du anv\u00e4nder iPhone eller Android ser Bitguruz casino till att du f\u00e5r tillg\u00e5ng till alla spel, kampanjer och funktioner \u2013 helt utan att beh\u00f6va installera n\u00e5got.<\/p>\n\n\n\n<p>Mobilsajten fungerar p\u00e5 samma s\u00e4tt som en dedikerad app och ger dig tillg\u00e5ng till hela Bitguruz casinos utbud av bonusar, slots och spel. Du slipper t\u00e4nka p\u00e5 appuppdateringar eller att mobilen fylls med on\u00f6diga filer. \u00d6ppna bara webbl\u00e4saren och njut av en optimerad mobilupplevelse, var du \u00e4n befinner dig.<\/p>\n\n\n\n<div id=\"ez-toc-container\" class=\"ez-toc-v2_0_76 counter-hierarchy ez-toc-counter ez-toc-custom ez-toc-container-direction\">\n<div class=\"ez-toc-title-container\">\n<p class=\"ez-toc-title\" style=\"cursor:inherit\">Inneh\u00e5llsf\u00f6rteckning<\/p>\n<span class=\"ez-toc-title-toggle\"><a href=\"#\" class=\"ez-toc-pull-right ez-toc-btn ez-toc-btn-xs ez-toc-btn-default ez-toc-toggle\" aria-label=\"Toggle Table of Content\"><span class=\"ez-toc-js-icon-con\"><span class=\"\"><span class=\"eztoc-hide\" style=\"display:none;\">Toggle<\/span><span class=\"ez-toc-icon-toggle-span\"><svg style=\"fill: #ffffff;color:#ffffff\" xmlns=\"http:\/\/www.w3.org\/2000\/svg\" class=\"list-377408\" width=\"20px\" height=\"20px\" viewBox=\"0 0 24 24\" fill=\"none\"><path d=\"M6 6H4v2h2V6zm14 0H8v2h12V6zM4 11h2v2H4v-2zm16 0H8v2h12v-2zM4 16h2v2H4v-2zm16 0H8v2h12v-2z\" fill=\"currentColor\"><\/path><\/svg><svg style=\"fill: #ffffff;color:#ffffff\" class=\"arrow-unsorted-368013\" xmlns=\"http:\/\/www.w3.org\/2000\/svg\" width=\"10px\" height=\"10px\" viewBox=\"0 0 24 24\" version=\"1.2\" baseProfile=\"tiny\"><path d=\"M18.2 9.3l-6.2-6.3-6.2 6.3c-.2.2-.3.4-.3.7s.1.5.3.7c.2.2.4.3.7.3h11c.3 0 .5-.1.7-.3.2-.2.3-.5.3-.7s-.1-.5-.3-.7zM5.8 14.7l6.2 6.3 6.2-6.3c.2-.2.3-.5.3-.7s-.1-.5-.3-.7c-.2-.2-.4-.3-.7-.3h-11c-.3 0-.5.1-.7.3-.2.2-.3.5-.3.7s.1.5.3.7z\"\/><\/svg><\/span><\/span><\/span><\/a><\/span><\/div>\n<nav><ul class='ez-toc-list ez-toc-list-level-1 eztoc-toggle-hide-by-default' ><li class='ez-toc-page-1 ez-toc-heading-level-2'><a class=\"ez-toc-link ez-toc-heading-1\" href=\"https:\/\/bitguruz.org\/se\/app\/#Bitguruz_Casino_iOS_App\" >Bitguruz Casino iOS App<\/a><\/li><li class='ez-toc-page-1 ez-toc-heading-level-2'><a class=\"ez-toc-link ez-toc-heading-2\" href=\"https:\/\/bitguruz.org\/se\/app\/#Bitguruz_Casino_Android_App\" >Bitguruz Casino Android App<\/a><\/li><li class='ez-toc-page-1 ez-toc-heading-level-2'><a class=\"ez-toc-link ez-toc-heading-3\" href=\"https:\/\/bitguruz.org\/se\/app\/#Hur_laddar_man_ner_Bitguruz_Casino_App\" >Hur laddar man ner Bitguruz Casino App?<\/a><\/li><li class='ez-toc-page-1 ez-toc-heading-level-2'><a class=\"ez-toc-link ez-toc-heading-4\" href=\"https:\/\/bitguruz.org\/se\/app\/#Bitguruz_Casino_inloggning_och_registrering\" >Bitguruz Casino inloggning och registrering<\/a><\/li><li class='ez-toc-page-1 ez-toc-heading-level-2'><a class=\"ez-toc-link ez-toc-heading-5\" href=\"https:\/\/bitguruz.org\/se\/app\/#Fordelar_och_nackdelar_med_Bitguruz_Casino-appen\" >F\u00f6rdelar och nackdelar med Bitguruz Casino-appen<\/a><\/li><li class='ez-toc-page-1 ez-toc-heading-level-2'><a class=\"ez-toc-link ez-toc-heading-6\" href=\"https:\/\/bitguruz.org\/se\/app\/#Bitguruz_Casino_App_Bonusar\" >Bitguruz Casino App Bonusar<\/a><\/li><li class='ez-toc-page-1 ez-toc-heading-level-2'><a class=\"ez-toc-link ez-toc-heading-7\" href=\"https:\/\/bitguruz.org\/se\/app\/#Bitguruz_Casino_App_%E2%80%93_Slutsats_Hit_eller_Miss\" >Bitguruz Casino App \u2013 Slutsats: Hit eller Miss?<\/a><\/li><li class='ez-toc-page-1 ez-toc-heading-level-2'><a class=\"ez-toc-link ez-toc-heading-8\" href=\"https:\/\/bitguruz.org\/se\/app\/#FAQ\" >FAQ<\/a><\/li><\/ul><\/nav><\/div>\n<h2 class=\"wp-block-heading\"><span class=\"ez-toc-section\" id=\"Bitguruz_Casino_iOS_App\"><\/span>Bitguruz Casino iOS App<span class=\"ez-toc-section-end\"><\/span><\/h2>\n\n\n\n<p><strong><a href=\"\/se\/\">Bitguruz Casino<\/a><\/strong> iOS-appen finns inte i App Store, vilket inneb\u00e4r att iPhone- och iPad-anv\u00e4ndare inte kan ladda ner n\u00e5gon inbyggd applikation. Detta \u00e4r dock inget problem f\u00f6r iOS-anv\u00e4ndare, eftersom casinot fungerar utm\u00e4rkt direkt via Safari eller n\u00e5gon annan webbl\u00e4sare du f\u00f6redrar. Mobilsajten \u00e4r utformad f\u00f6r att anpassa sig till iOS-enheter och erbjuder smidig navigering samt snabba laddningstider. N\u00e4r du har slutf\u00f6rt <strong><a href=\"\/se\/visit\/\">Bitguruz casino-registreringen<\/a><\/strong> och loggat in via din mobila webbl\u00e4sare kan du enkelt navigera runt p\u00e5 sajten.<\/p>\n\n\n\n<h2 class=\"wp-block-heading\"><span class=\"ez-toc-section\" id=\"Bitguruz_Casino_Android_App\"><\/span>Bitguruz Casino Android App<span class=\"ez-toc-section-end\"><\/span><\/h2>\n\n\n\n<p>Precis som f\u00f6r iOS finns det ingen Bitguruz casino Android-app att ladda ner. Men Android-anv\u00e4ndare kan \u00e4nd\u00e5 ta del av hela casinoupplevelsen genom att bes\u00f6ka Bitguruz casino via sin mobila webbl\u00e4sare. Den mobila plattformen \u00e4r optimerad f\u00f6r Android-enheter och ger en utm\u00e4rkt, f\u00f6rdr\u00f6jningsfri spelupplevelse p\u00e5 alla kompatibla enheter.<\/p>\n\n\n\n<p>Android-anv\u00e4ndare beh\u00f6ver allts\u00e5 inte oroa sig f\u00f6r att installera n\u00e5gon APK-fil eller ladda ner extra programvara. Anv\u00e4nd bara Chrome eller valfri webbl\u00e4sare f\u00f6r att f\u00e5 tillg\u00e5ng till hela utbudet av <strong>Bitguruz casino bonusar<\/strong>, free spins och spel.<\/p>\n\n\n\n<h2 class=\"wp-block-heading\"><span class=\"ez-toc-section\" id=\"Hur_laddar_man_ner_Bitguruz_Casino_App\"><\/span>Hur laddar man ner Bitguruz Casino App?<span class=\"ez-toc-section-end\"><\/span><\/h2>\n\n\n\n<p>Eftersom det inte finns n\u00e5gon dedikerad app kan spelare \u00e4nd\u00e5 f\u00e5 enkel \u00e5tkomst till Bitguruz casino genom att f\u00f6lja n\u00e5gra enkla steg f\u00f6r att spara casinot p\u00e5 hemsk\u00e4rmen. Den h\u00e4r metoden fungerar lika bra f\u00f6r b\u00e5de iOS- och Android-anv\u00e4ndare. S\u00e5 h\u00e4r l\u00e4gger du till casinot p\u00e5 din enhet:<\/p>\n\n\n\n<div class=\"wp-block-columns is-layout-flex wp-container-core-columns-is-layout-9d6595d7 wp-block-columns-is-layout-flex\">\n<div class=\"wp-block-column is-layout-flow wp-block-column-is-layout-flow\">\n<figure class=\"wp-block-image size-full\"><img loading=\"lazy\" decoding=\"async\" width=\"300\" height=\"300\" src=\"https:\/\/bitguruz.org\/se\/wp-content\/uploads\/sites\/5\/2026\/03\/Bitguruz.org-app-how-to-1.webp\" alt=\"Bitguruz-telefonikon med en webbl\u00e4sarsk\u00e4rm som visar knappen &quot;\u00d6ppna din webbl\u00e4sare&quot;.\" class=\"wp-image-45\" srcset=\"https:\/\/bitguruz.org\/se\/wp-content\/uploads\/sites\/5\/2026\/03\/Bitguruz.org-app-how-to-1.webp 300w, https:\/\/bitguruz.org\/se\/wp-content\/uploads\/sites\/5\/2026\/03\/Bitguruz.org-app-how-to-1-150x150.webp 150w\" sizes=\"auto, (max-width: 300px) 100vw, 300px\" \/><\/figure>\n\n\n\n<h3 class=\"wp-block-heading\"><strong><strong>\u00d6ppna din webbl\u00e4sare<\/strong><\/strong><\/h3>\n\n\n\n<p>B\u00f6rja med att g\u00e5 till den officiella Bitguruz casino-webbplatsen via Safari p\u00e5 iOS eller Chrome p\u00e5 Android.<\/p>\n<\/div>\n\n\n\n<div class=\"wp-block-column is-layout-flow wp-block-column-is-layout-flow\">\n<figure class=\"wp-block-image size-full\"><img loading=\"lazy\" decoding=\"async\" width=\"300\" height=\"300\" src=\"https:\/\/bitguruz.org\/se\/wp-content\/uploads\/sites\/5\/2026\/03\/Bitguruz.org-app-how-to-2.webp\" alt=\"Bitguruz-telefonikon som visar en webbl\u00e4sarsk\u00e4rm med Bitguruz-webbplatsen och knappen &quot;Navigera till sidan&quot;.\" class=\"wp-image-46\" srcset=\"https:\/\/bitguruz.org\/se\/wp-content\/uploads\/sites\/5\/2026\/03\/Bitguruz.org-app-how-to-2.webp 300w, https:\/\/bitguruz.org\/se\/wp-content\/uploads\/sites\/5\/2026\/03\/Bitguruz.org-app-how-to-2-150x150.webp 150w\" sizes=\"auto, (max-width: 300px) 100vw, 300px\" \/><\/figure>\n\n\n\n<h3 class=\"wp-block-heading\"><strong><strong>Navigera till sidan<\/strong><\/strong><\/h3>\n\n\n\n<p>N\u00e4r du \u00e4r p\u00e5 startsidan kan du utforska de tillg\u00e4ngliga spelen och kampanjerna. Logga in om du redan har ett konto, eller skapa ett nytt.<\/p>\n<\/div>\n\n\n\n<div class=\"wp-block-column is-layout-flow wp-block-column-is-layout-flow\">\n<figure class=\"wp-block-image size-full\"><img loading=\"lazy\" decoding=\"async\" width=\"300\" height=\"300\" src=\"https:\/\/bitguruz.org\/se\/wp-content\/uploads\/sites\/5\/2026\/03\/Bitguruz.org-app-how-to-3.webp\" alt=\"Bitguruz-telefonikon med en webbl\u00e4sarsk\u00e4rm och knappen &quot;L\u00e4gg till p\u00e5 hemsk\u00e4rmen&quot; f\u00f6r att spara sidan.\" class=\"wp-image-47\" srcset=\"https:\/\/bitguruz.org\/se\/wp-content\/uploads\/sites\/5\/2026\/03\/Bitguruz.org-app-how-to-3.webp 300w, https:\/\/bitguruz.org\/se\/wp-content\/uploads\/sites\/5\/2026\/03\/Bitguruz.org-app-how-to-3-150x150.webp 150w\" sizes=\"auto, (max-width: 300px) 100vw, 300px\" \/><\/figure>\n\n\n\n<h3 class=\"wp-block-heading\"><strong><strong><strong><strong><strong>L\u00e4gg till p\u00e5 hemsk\u00e4rmen<\/strong><\/strong><\/strong><\/strong><\/strong><\/h3>\n\n\n\n<p>P\u00e5 b\u00e5de iOS och Android trycker du p\u00e5 menyikonen (vanligtvis l\u00e4ngst ner eller h\u00f6gst upp p\u00e5 sk\u00e4rmen) och v\u00e4ljer \u201cL\u00e4gg till p\u00e5 hemsk\u00e4rmen.\u201d Detta skapar en genv\u00e4g p\u00e5 din enhet s\u00e5 att du kan \u00f6ppna Bitguruz casino med ett enda tryck.<\/p>\n<\/div>\n\n\n\n<div class=\"wp-block-column is-layout-flow wp-block-column-is-layout-flow\">\n<figure class=\"wp-block-image size-full\"><img loading=\"lazy\" decoding=\"async\" width=\"300\" height=\"300\" src=\"https:\/\/bitguruz.org\/se\/wp-content\/uploads\/sites\/5\/2026\/03\/Bitguruz.org-app-how-to-4.webp\" alt=\"Bitguruz-telefon med en webbl\u00e4sarsk\u00e4rm och knappen &quot;Aktivera pushnotiser&quot; f\u00f6r att h\u00e5lla dig uppdaterad.\" class=\"wp-image-48\" srcset=\"https:\/\/bitguruz.org\/se\/wp-content\/uploads\/sites\/5\/2026\/03\/Bitguruz.org-app-how-to-4.webp 300w, https:\/\/bitguruz.org\/se\/wp-content\/uploads\/sites\/5\/2026\/03\/Bitguruz.org-app-how-to-4-150x150.webp 150w\" sizes=\"auto, (max-width: 300px) 100vw, 300px\" \/><\/figure>\n\n\n\n<h3 class=\"wp-block-heading\"><strong><strong><strong><strong>Aktivera pushnotiser<\/strong><\/strong><\/strong><\/strong><\/h3>\n\n\n\n<p>F\u00f6r att h\u00e5lla dig uppdaterad om de senaste Bitguruz casino free spins-erbjudandena och bonusarna, se till att till\u00e5ta pushnotiser fr\u00e5n casinot. D\u00e5 f\u00e5r du alltid information om nya kampanjer, erbjudanden och mycket mer.<\/p>\n<\/div>\n<\/div>\n\n\n\n<h2 class=\"wp-block-heading\"><span class=\"ez-toc-section\" id=\"Bitguruz_Casino_inloggning_och_registrering\"><\/span>Bitguruz Casino inloggning och registrering<span class=\"ez-toc-section-end\"><\/span><\/h2>\n\n\n\n<p>Att logga in och registrera sig p\u00e5 Bitguruz casino via din mobila webbl\u00e4sare \u00e4r lika enkelt som p\u00e5 datorn. F\u00f6r att komma ig\u00e5ng beh\u00f6ver du slutf\u00f6ra registreringen hos Bitguruz casino genom att ange dina uppgifter, som namn, e-postadress och l\u00f6senord. N\u00e4r du \u00e4r registrerad kan du enkelt logga in p\u00e5 ditt konto p\u00e5 mobilen n\u00e4r som helst. Fyll bara i dina inloggningsuppgifter s\u00e5 f\u00e5r du direkt tillg\u00e5ng till alla Bitguruz casinos funktioner, inklusive live-spel, Bitguruz casino slots och sp\u00e4nnande Bitguruz casino bonusar.<\/p>\n\n\n\n<p><strong><a href=\"\/se\/visit\/\">Inloggningsprocessen f\u00f6r Bitguruz casino<\/a><\/strong> \u00e4r snabb och s\u00e4ker, vilket garanterar att dina personliga uppgifter och betalningsinformation skyddas. Oavsett om du anv\u00e4nder mobilsidan eller datorn har du alltid full tillg\u00e5ng till ditt konto.<\/p>\n\n\n\n<h2 class=\"wp-block-heading\"><span class=\"ez-toc-section\" id=\"Fordelar_och_nackdelar_med_Bitguruz_Casino-appen\"><\/span>F\u00f6rdelar och nackdelar med Bitguruz Casino-appen<span class=\"ez-toc-section-end\"><\/span><\/h2>\n\n\n\n<figure class=\"wp-block-table\"><table class=\"has-fixed-layout\"><thead><tr><th><strong><strong>F\u00f6rdelar<\/strong><\/strong><\/th><th><strong><strong>Nackdelar<\/strong><\/strong><\/th><\/tr><\/thead><tbody><tr><td>Full funktionalitet i mobila webbl\u00e4sare<\/td><td>Ingen dedikerad app f\u00f6r iOS eller Android<\/td><\/tr><tr><td>Enkel \u00e5tkomst via genv\u00e4g p\u00e5 hemsk\u00e4rmen<\/td><td>Kr\u00e4ver internetanslutning f\u00f6r att spela<\/td><\/tr><tr><td>Inga uppdateringar eller lagringsutrymme beh\u00f6vs<\/td><td>Kan inte spelas offline<\/td><\/tr><tr><td>Smidig navigering p\u00e5 b\u00e5de iOS- och Android-enheter<\/td><td>Begr\u00e4nsade pushnotiser (om de inte \u00e4r aktiverade)<\/td><\/tr><\/tbody><\/table><\/figure>\n\n\n<div class=\"wp-block-image\">\n<figure class=\"aligncenter size-full\"><a href=\"\/se\/visit\/\" target=\"_blank\" rel=\" noreferrer noopener\"><img loading=\"lazy\" decoding=\"async\" width=\"1024\" height=\"390\" src=\"https:\/\/bitguruz.org\/se\/wp-content\/uploads\/sites\/5\/2026\/03\/Microsites-in-text-images-15.webp\" alt=\"Bitguruz-appens sk\u00e4rm visar Bitguruz casinogr\u00e4nssnittet med en &quot;Starta nu&quot;-knapp f\u00f6r att b\u00f6rja anv\u00e4nda appen.\" class=\"wp-image-49\" srcset=\"https:\/\/bitguruz.org\/se\/wp-content\/uploads\/sites\/5\/2026\/03\/Microsites-in-text-images-15.webp 1024w, https:\/\/bitguruz.org\/se\/wp-content\/uploads\/sites\/5\/2026\/03\/Microsites-in-text-images-15-300x114.webp 300w, https:\/\/bitguruz.org\/se\/wp-content\/uploads\/sites\/5\/2026\/03\/Microsites-in-text-images-15-768x293.webp 768w\" sizes=\"auto, (max-width: 1024px) 100vw, 1024px\" \/><\/a><\/figure>\n<\/div>\n\n\n<h2 class=\"wp-block-heading\"><span class=\"ez-toc-section\" id=\"Bitguruz_Casino_App_Bonusar\"><\/span>Bitguruz Casino App Bonusar<span class=\"ez-toc-section-end\"><\/span><\/h2>\n\n\n\n<p>\u00c4ven om det inte finns n\u00e5gon Bitguruz casinoapp att ladda ner kan mobilanv\u00e4ndare \u00e4nd\u00e5 ta del av alla sp\u00e4nnande Bitguruz casinobonusar direkt via webbl\u00e4saren. Spelare kan h\u00e4mta Bitguruz casino free spins utan ins\u00e4ttning, matchbonusar och reload-erbjudanden. Dessa kampanjer fungerar smidigt p\u00e5 mobilsajten, s\u00e5 du missar ingenting.<\/p>\n\n\n\n<p>Det rekommenderas att aktivera pushnotiser f\u00f6r Bitguruz casinoappens genv\u00e4g f\u00f6r att h\u00e5lla dig uppdaterad om de senaste kampanjerna och Bitguruz casino kampanjkoder som kan anv\u00e4ndas direkt i webbl\u00e4saren.<\/p>\n\n\n\n<h2 class=\"wp-block-heading\"><span class=\"ez-toc-section\" id=\"Bitguruz_Casino_App_%E2%80%93_Slutsats_Hit_eller_Miss\"><\/span>Bitguruz Casino App \u2013 Slutsats: Hit eller Miss?<span class=\"ez-toc-section-end\"><\/span><\/h2>\n\n\n\n<p>\u00c4ven om Bitguruz casino inte har en dedikerad mobilapp \u00e4r upplevelsen i mobilens webbl\u00e4sare smidig, snabb och fullt fungerande. F\u00f6r spelare som vill ha en smidig mobilspelupplevelse \u00e4r detta en fulltr\u00e4ff. Du f\u00e5r alla f\u00f6rdelar med att spela p\u00e5 spr\u00e5ng utan att beh\u00f6va ladda ner n\u00e5gon app eller hantera uppdateringar.<\/p>\n\n\n\n<h2 class=\"wp-block-heading\"><span class=\"ez-toc-section\" id=\"FAQ\"><\/span><strong>FAQ<\/strong><span class=\"ez-toc-section-end\"><\/span><\/h2>\n\n\n\n<h3 class=\"wp-block-heading\">Kan jag ladda ner Bitguruz Casinos app i mitt land?<\/h3>\n\n\n\n<p>Det finns ingen nedladdningsbar app, men mobilversionen via webbl\u00e4saren fungerar \u00f6ver hela v\u00e4rlden.<\/p>\n\n\n\n<h3 class=\"wp-block-heading\">Vilka \u00e4r de minsta systemkraven f\u00f6r Bitguruz Casinos app?<\/h3>\n\n\n\n<p>Allt du beh\u00f6ver \u00e4r en modern mobil webbl\u00e4sare och en stabil internetuppkoppling f\u00f6r att komma \u00e5t Bitguruz casino p\u00e5 din enhet.<\/p>\n\n\n\n<h3 class=\"wp-block-heading\">Kan jag anv\u00e4nda Bitguruz Casinos app gratis?<\/h3>\n\n\n\n<p>Ja, du kan spela gratis demoversioner av <strong><a href=\"\/se\/spelautomater\">Bitguruz casino slots<\/a><\/strong> och andra spel utan att anv\u00e4nda riktiga pengar.<\/p>\n\n\n\n<h3 class=\"wp-block-heading\">Vad kan jag spela i Bitguruz Casinos app?<\/h3>\n\n\n\n<p>Du kan spela alla tillg\u00e4ngliga spel, inklusive slots, blackjack, live dealer-spel och mycket mer \u2013 allt direkt i din mobila webbl\u00e4sare.<\/p>\n","protected":false},"excerpt":{"rendered":"<p>\u00c4ven om Bitguruz casino inte har n\u00e5gon nedladdningsbar app f\u00f6r iOS eller Android, kan spelare \u00e4nd\u00e5 njuta av en smidig och fullt fungerande spelupplevelse direkt via mobilens webbl\u00e4sare. Sajten \u00e4r optimerad f\u00f6r b\u00e5de smartphones och surfplattor och erbjuder en responsiv, anv\u00e4ndarv\u00e4nlig plattform. Oavsett om du anv\u00e4nder iPhone eller Android ser Bitguruz casino till att du &#8230; <a title=\"Bitguruz Casino App\" class=\"read-more\" href=\"https:\/\/bitguruz.org\/se\/app\/\" aria-label=\"L\u00e4s mer om Bitguruz Casino App\">L\u00e4s mer<\/a><\/p>\n","protected":false},"author":1,"featured_media":39,"parent":0,"menu_order":0,"comment_status":"closed","ping_status":"closed","template":"","meta":{"footnotes":""},"class_list":["post-38","page","type-page","status-publish","has-post-thumbnail"],"yoast_head":"<!-- This site is optimized with the Yoast SEO plugin v26.1.1 - https:\/\/yoast.com\/wordpress\/plugins\/seo\/ -->\n<title>Bitguruz Casino App \u2013 Spela p\u00e5 mobilen<\/title>\n<meta name=\"description\" content=\"Njut av Bitguruz casinobonusar, free spins och alla slots p\u00e5 vilken enhet du vill.\" \/>\n<meta name=\"robots\" content=\"index, follow, max-snippet:-1, max-image-preview:large, max-video-preview:-1\" \/>\n<link rel=\"canonical\" href=\"https:\/\/bitguruz.org\/se\/app\/\" \/>\n<meta property=\"og:locale\" content=\"sv_SE\" \/>\n<meta property=\"og:type\" content=\"article\" \/>\n<meta property=\"og:title\" content=\"Bitguruz Casino App \u2013 Spela p\u00e5 mobilen\" \/>\n<meta property=\"og:description\" content=\"Njut av Bitguruz casinobonusar, free spins och alla slots p\u00e5 vilken enhet du vill.\" \/>\n<meta property=\"og:url\" content=\"https:\/\/bitguruz.org\/se\/app\/\" \/>\n<meta property=\"og:site_name\" content=\"Swedish Bitguruz\" \/>\n<meta property=\"article:modified_time\" content=\"2026-03-18T13:40:50+00:00\" \/>\n<meta property=\"og:image\" content=\"https:\/\/bitguruz.org\/se\/wp-content\/uploads\/sites\/5\/2026\/03\/Bitguruz-App-SE.webp\" \/>\n\t<meta property=\"og:image:width\" content=\"300\" \/>\n\t<meta property=\"og:image:height\" content=\"300\" \/>\n\t<meta property=\"og:image:type\" content=\"image\/webp\" \/>\n<meta name=\"twitter:card\" content=\"summary_large_image\" \/>\n<meta name=\"twitter:label1\" content=\"Ber\u00e4knad l\u00e4stid\" \/>\n\t<meta name=\"twitter:data1\" content=\"6 minuter\" \/>\n<script type=\"application\/ld+json\" class=\"yoast-schema-graph\">{\"@context\":\"https:\/\/schema.org\",\"@graph\":[{\"@type\":\"WebPage\",\"@id\":\"https:\/\/bitguruz.org\/se\/app\/\",\"url\":\"https:\/\/bitguruz.org\/se\/app\/\",\"name\":\"Bitguruz Casino App \u2013 Spela p\u00e5 mobilen\",\"isPartOf\":{\"@id\":\"https:\/\/bitguruz.org\/se\/#website\"},\"primaryImageOfPage\":{\"@id\":\"https:\/\/bitguruz.org\/se\/app\/#primaryimage\"},\"image\":{\"@id\":\"https:\/\/bitguruz.org\/se\/app\/#primaryimage\"},\"thumbnailUrl\":\"https:\/\/bitguruz.org\/se\/wp-content\/uploads\/sites\/5\/2026\/03\/Bitguruz-App-SE.webp\",\"datePublished\":\"2026-03-17T12:33:00+00:00\",\"dateModified\":\"2026-03-18T13:40:50+00:00\",\"description\":\"Njut av Bitguruz casinobonusar, free spins och alla slots p\u00e5 vilken enhet du vill.\",\"breadcrumb\":{\"@id\":\"https:\/\/bitguruz.org\/se\/app\/#breadcrumb\"},\"inLanguage\":\"sv-SE\",\"potentialAction\":[{\"@type\":\"ReadAction\",\"target\":[\"https:\/\/bitguruz.org\/se\/app\/\"]}]},{\"@type\":\"ImageObject\",\"inLanguage\":\"sv-SE\",\"@id\":\"https:\/\/bitguruz.org\/se\/app\/#primaryimage\",\"url\":\"https:\/\/bitguruz.org\/se\/wp-content\/uploads\/sites\/5\/2026\/03\/Bitguruz-App-SE.webp\",\"contentUrl\":\"https:\/\/bitguruz.org\/se\/wp-content\/uploads\/sites\/5\/2026\/03\/Bitguruz-App-SE.webp\",\"width\":300,\"height\":300,\"caption\":\"Bitguruz-logotyp med en bild av Bitguruz mobilapp, d\u00e4r anv\u00e4ndargr\u00e4nssnittet visar olika spelalternativ och funktioner.\"},{\"@type\":\"BreadcrumbList\",\"@id\":\"https:\/\/bitguruz.org\/se\/app\/#breadcrumb\",\"itemListElement\":[{\"@type\":\"ListItem\",\"position\":1,\"name\":\"Home\",\"item\":\"https:\/\/bitguruz.org\/se\/\"},{\"@type\":\"ListItem\",\"position\":2,\"name\":\"Bitguruz Casino App\"}]},{\"@type\":\"WebSite\",\"@id\":\"https:\/\/bitguruz.org\/se\/#website\",\"url\":\"https:\/\/bitguruz.org\/se\/\",\"name\":\"Swedish Bitguruz\",\"description\":\"\",\"publisher\":{\"@id\":\"https:\/\/bitguruz.org\/se\/#organization\"},\"potentialAction\":[{\"@type\":\"SearchAction\",\"target\":{\"@type\":\"EntryPoint\",\"urlTemplate\":\"https:\/\/bitguruz.org\/se\/?s={search_term_string}\"},\"query-input\":{\"@type\":\"PropertyValueSpecification\",\"valueRequired\":true,\"valueName\":\"search_term_string\"}}],\"inLanguage\":\"sv-SE\"},{\"@type\":\"Organization\",\"@id\":\"https:\/\/bitguruz.org\/se\/#organization\",\"name\":\"Swedish Bitguruz\",\"url\":\"https:\/\/bitguruz.org\/se\/\",\"logo\":{\"@type\":\"ImageObject\",\"inLanguage\":\"sv-SE\",\"@id\":\"https:\/\/bitguruz.org\/se\/#\/schema\/logo\/image\/\",\"url\":\"https:\/\/bitguruz.org\/se\/wp-content\/uploads\/sites\/5\/2026\/03\/app_logo-bitgruzz-logo.png\",\"contentUrl\":\"https:\/\/bitguruz.org\/se\/wp-content\/uploads\/sites\/5\/2026\/03\/app_logo-bitgruzz-logo.png\",\"width\":120,\"height\":40,\"caption\":\"Swedish Bitguruz\"},\"image\":{\"@id\":\"https:\/\/bitguruz.org\/se\/#\/schema\/logo\/image\/\"}}]}<\/script>\n<!-- \/ Yoast SEO plugin. -->","yoast_head_json":{"title":"Bitguruz Casino App \u2013 Spela p\u00e5 mobilen","description":"Njut av Bitguruz casinobonusar, free spins och alla slots p\u00e5 vilken enhet du vill.","robots":{"index":"index","follow":"follow","max-snippet":"max-snippet:-1","max-image-preview":"max-image-preview:large","max-video-preview":"max-video-preview:-1"},"canonical":"https:\/\/bitguruz.org\/se\/app\/","og_locale":"sv_SE","og_type":"article","og_title":"Bitguruz Casino App \u2013 Spela p\u00e5 mobilen","og_description":"Njut av Bitguruz casinobonusar, free spins och alla slots p\u00e5 vilken enhet du vill.","og_url":"https:\/\/bitguruz.org\/se\/app\/","og_site_name":"Swedish Bitguruz","article_modified_time":"2026-03-18T13:40:50+00:00","og_image":[{"width":300,"height":300,"url":"https:\/\/bitguruz.org\/se\/wp-content\/uploads\/sites\/5\/2026\/03\/Bitguruz-App-SE.webp","type":"image\/webp"}],"twitter_card":"summary_large_image","twitter_misc":{"Ber\u00e4knad l\u00e4stid":"6 minuter"},"schema":{"@context":"https:\/\/schema.org","@graph":[{"@type":"WebPage","@id":"https:\/\/bitguruz.org\/se\/app\/","url":"https:\/\/bitguruz.org\/se\/app\/","name":"Bitguruz Casino App \u2013 Spela p\u00e5 mobilen","isPartOf":{"@id":"https:\/\/bitguruz.org\/se\/#website"},"primaryImageOfPage":{"@id":"https:\/\/bitguruz.org\/se\/app\/#primaryimage"},"image":{"@id":"https:\/\/bitguruz.org\/se\/app\/#primaryimage"},"thumbnailUrl":"https:\/\/bitguruz.org\/se\/wp-content\/uploads\/sites\/5\/2026\/03\/Bitguruz-App-SE.webp","datePublished":"2026-03-17T12:33:00+00:00","dateModified":"2026-03-18T13:40:50+00:00","description":"Njut av Bitguruz casinobonusar, free spins och alla slots p\u00e5 vilken enhet du vill.","breadcrumb":{"@id":"https:\/\/bitguruz.org\/se\/app\/#breadcrumb"},"inLanguage":"sv-SE","potentialAction":[{"@type":"ReadAction","target":["https:\/\/bitguruz.org\/se\/app\/"]}]},{"@type":"ImageObject","inLanguage":"sv-SE","@id":"https:\/\/bitguruz.org\/se\/app\/#primaryimage","url":"https:\/\/bitguruz.org\/se\/wp-content\/uploads\/sites\/5\/2026\/03\/Bitguruz-App-SE.webp","contentUrl":"https:\/\/bitguruz.org\/se\/wp-content\/uploads\/sites\/5\/2026\/03\/Bitguruz-App-SE.webp","width":300,"height":300,"caption":"Bitguruz-logotyp med en bild av Bitguruz mobilapp, d\u00e4r anv\u00e4ndargr\u00e4nssnittet visar olika spelalternativ och funktioner."},{"@type":"BreadcrumbList","@id":"https:\/\/bitguruz.org\/se\/app\/#breadcrumb","itemListElement":[{"@type":"ListItem","position":1,"name":"Home","item":"https:\/\/bitguruz.org\/se\/"},{"@type":"ListItem","position":2,"name":"Bitguruz Casino App"}]},{"@type":"WebSite","@id":"https:\/\/bitguruz.org\/se\/#website","url":"https:\/\/bitguruz.org\/se\/","name":"Swedish Bitguruz","description":"","publisher":{"@id":"https:\/\/bitguruz.org\/se\/#organization"},"potentialAction":[{"@type":"SearchAction","target":{"@type":"EntryPoint","urlTemplate":"https:\/\/bitguruz.org\/se\/?s={search_term_string}"},"query-input":{"@type":"PropertyValueSpecification","valueRequired":true,"valueName":"search_term_string"}}],"inLanguage":"sv-SE"},{"@type":"Organization","@id":"https:\/\/bitguruz.org\/se\/#organization","name":"Swedish Bitguruz","url":"https:\/\/bitguruz.org\/se\/","logo":{"@type":"ImageObject","inLanguage":"sv-SE","@id":"https:\/\/bitguruz.org\/se\/#\/schema\/logo\/image\/","url":"https:\/\/bitguruz.org\/se\/wp-content\/uploads\/sites\/5\/2026\/03\/app_logo-bitgruzz-logo.png","contentUrl":"https:\/\/bitguruz.org\/se\/wp-content\/uploads\/sites\/5\/2026\/03\/app_logo-bitgruzz-logo.png","width":120,"height":40,"caption":"Swedish Bitguruz"},"image":{"@id":"https:\/\/bitguruz.org\/se\/#\/schema\/logo\/image\/"}}]}},"_links":{"self":[{"href":"https:\/\/bitguruz.org\/se\/wp-json\/wp\/v2\/pages\/38","targetHints":{"allow":["GET"]}}],"collection":[{"href":"https:\/\/bitguruz.org\/se\/wp-json\/wp\/v2\/pages"}],"about":[{"href":"https:\/\/bitguruz.org\/se\/wp-json\/wp\/v2\/types\/page"}],"author":[{"embeddable":true,"href":"https:\/\/bitguruz.org\/se\/wp-json\/wp\/v2\/users\/1"}],"replies":[{"embeddable":true,"href":"https:\/\/bitguruz.org\/se\/wp-json\/wp\/v2\/comments?post=38"}],"version-history":[{"count":6,"href":"https:\/\/bitguruz.org\/se\/wp-json\/wp\/v2\/pages\/38\/revisions"}],"predecessor-version":[{"id":60,"href":"https:\/\/bitguruz.org\/se\/wp-json\/wp\/v2\/pages\/38\/revisions\/60"}],"wp:featuredmedia":[{"embeddable":true,"href":"https:\/\/bitguruz.org\/se\/wp-json\/wp\/v2\/media\/39"}],"wp:attachment":[{"href":"https:\/\/bitguruz.org\/se\/wp-json\/wp\/v2\/media?parent=38"}],"curies":[{"name":"wp","href":"https:\/\/api.w.org\/{rel}","templated":true}]}}